{"id":22839,"date":"2025-09-17T13:34:26","date_gmt":"2025-09-17T13:34:26","guid":{"rendered":"https:\/\/elcorredorbicis.com\/?post_type=product&#038;p=22839"},"modified":"2025-09-17T14:02:23","modified_gmt":"2025-09-17T14:02:23","slug":"lee-coughan-e-quest","status":"publish","type":"product","link":"https:\/\/elcorredorbicis.com\/es\/producte\/lee-coughan-e-quest\/","title":{"rendered":"LEE COUGHAN E-Quest"},"content":{"rendered":"<table>\n<tbody>\n<tr>\n<td><b>MODELO<\/b><\/td>\n<td>E-Quest<\/td>\n<\/tr>\n<tr>\n<td><b>COLOR<\/b><\/td>\n<td>Lunar Rock<\/td>\n<\/tr>\n<tr>\n<td><b>TALLAS DISPONIBLES<\/b><\/td>\n<td>M<\/td>\n<\/tr>\n<\/tbody>\n<\/table>\n<p>&nbsp;<\/p>\n<p><b>CARACTER\u00cdSTICAS <\/b><b>PRINCIPALES<\/b><\/p>\n<ul>\n<li>Motor: Brose S Mag 250W, con pico de potencia 90Nm<\/li>\n<li>Bater\u00eda: extra\u00edble BMZ V10 720Wh y 4 niveles de asistencia<\/li>\n<li>Pantalla: Brose LCD, gestionable v\u00eda Bluetooth mediante la App<\/li>\n<li>Amortiguaci\u00f3n: Horquilla Fox 36 Float E-MTB, serie Performance, 160 mm de recorrido, 44 \u200b\u200bmm de inclinaci\u00f3n, trasero Fox Float X Kashima Factory Series 150 mm, EVOL LV 230 x 60 mm<\/li>\n<li>Grupo: Sram SX Eagle, 12V<\/li>\n<li>Juego de freno: Magura MT5 4-Piston<\/li>\n<li>Ruedas: montaje de ruedas Mullet. Delantera 29&#8243; y trasera 27.5&#8243;<\/li>\n<\/ul>\n","protected":false},"excerpt":{"rendered":"<p>MODELO E-Quest COLOR Lunar Rock TALLAS DISPONIBLES M &nbsp; CARACTER\u00cdSTICAS PRINCIPALES Motor: Brose S Mag 250W, con pico de potencia 90Nm Bater\u00eda: extra\u00edble BMZ V10 720Wh y 4 niveles de asistencia Pantalla: Brose LCD, gestionable v\u00eda Bluetooth mediante la App Amortiguaci\u00f3n: Horquilla Fox 36 Float E-MTB, serie Performance, 160 mm de recorrido, 44 \u200b\u200bmm de&hellip;<\/p>\n","protected":false},"featured_media":22841,"comment_status":"open","ping_status":"closed","template":"","meta":[],"product_brand":[199],"product_cat":[185,189],"product_tag":[],"class_list":{"0":"post-22839","1":"product","2":"type-product","3":"status-publish","4":"has-post-thumbnail","6":"product_brand-lee-coughan","7":"product_cat-bicicletas","8":"product_cat-electricas","9":"description-off","11":"first","12":"instock","13":"taxable","14":"shipping-taxable","15":"purchasable","16":"product-type-simple"},"_links":{"self":[{"href":"https:\/\/elcorredorbicis.com\/es\/wp-json\/wp\/v2\/product\/22839","targetHints":{"allow":["GET"]}}],"collection":[{"href":"https:\/\/elcorredorbicis.com\/es\/wp-json\/wp\/v2\/product"}],"about":[{"href":"https:\/\/elcorredorbicis.com\/es\/wp-json\/wp\/v2\/types\/product"}],"replies":[{"embeddable":true,"href":"https:\/\/elcorredorbicis.com\/es\/wp-json\/wp\/v2\/comments?post=22839"}],"wp:featuredmedia":[{"embeddable":true,"href":"https:\/\/elcorredorbicis.com\/es\/wp-json\/wp\/v2\/media\/22841"}],"wp:attachment":[{"href":"https:\/\/elcorredorbicis.com\/es\/wp-json\/wp\/v2\/media?parent=22839"}],"wp:term":[{"taxonomy":"product_brand","embeddable":true,"href":"https:\/\/elcorredorbicis.com\/es\/wp-json\/wp\/v2\/product_brand?post=22839"},{"taxonomy":"product_cat","embeddable":true,"href":"https:\/\/elcorredorbicis.com\/es\/wp-json\/wp\/v2\/product_cat?post=22839"},{"taxonomy":"product_tag","embeddable":true,"href":"https:\/\/elcorredorbicis.com\/es\/wp-json\/wp\/v2\/product_tag?post=22839"}],"curies":[{"name":"wp","href":"https:\/\/api.w.org\/{rel}","templated":true}]}}