{"id":22563,"date":"2024-01-09T11:03:04","date_gmt":"2024-01-09T11:03:04","guid":{"rendered":"https:\/\/elcorredorbicis.com\/contacte\/"},"modified":"2025-09-16T10:11:59","modified_gmt":"2025-09-16T10:11:59","slug":"contacto","status":"publish","type":"page","link":"https:\/\/elcorredorbicis.com\/es\/contacto\/","title":{"rendered":"Contacto"},"content":{"rendered":"\t\t<div data-elementor-type=\"wp-page\" data-elementor-id=\"22563\" class=\"elementor elementor-22563 elementor-13986\" data-elementor-post-type=\"page\">\n\t\t\t\t<div class=\"elementor-element elementor-element-055565d e-con-full e-flex e-con e-parent\" data-id=\"055565d\" data-element_type=\"container\" data-settings=\"{&quot;background_background&quot;:&quot;gradient&quot;}\">\n\t\t<div class=\"elementor-element elementor-element-60fa14b e-flex e-con-boxed e-con e-child\" data-id=\"60fa14b\" data-element_type=\"container\">\n\t\t\t\t\t<div class=\"e-con-inner\">\n\t\t<div class=\"elementor-element elementor-element-ca22dff e-con-full e-flex e-con e-child\" data-id=\"ca22dff\" data-element_type=\"container\" data-settings=\"{&quot;background_background&quot;:&quot;classic&quot;}\">\n\t\t\t\t<div class=\"elementor-element elementor-element-cfb3074 elementor-widget elementor-widget-heading\" data-id=\"cfb3074\" data-element_type=\"widget\" data-widget_type=\"heading.default\">\n\t\t\t\t\t<h3 class=\"elementor-heading-title elementor-size-default\">Escr\u00edbenos<\/h3>\t\t\t\t<\/div>\n\t\t\t\t<div class=\"elementor-element elementor-element-c7362b2 elementor-widget elementor-widget-text-editor\" data-id=\"c7362b2\" data-element_type=\"widget\" data-widget_type=\"text-editor.default\">\n\t\t\t\t\t\t\t\t\t<p>Para cualquier consulta no dudes en ponerte en contacto con nosotros.<\/p>\t\t\t\t\t\t\t\t<\/div>\n\t\t\t\t<div class=\"elementor-element elementor-element-5776ef4 elementor-widget elementor-widget-shortcode\" data-id=\"5776ef4\" data-element_type=\"widget\" data-widget_type=\"shortcode.default\">\n\t\t\t\t\t\t\t<div class=\"elementor-shortcode\">\n<div class=\"wpcf7 no-js\" id=\"wpcf7-f22625-o1\" lang=\"es-ES\" dir=\"ltr\" data-wpcf7-id=\"22625\">\n<div class=\"screen-reader-response\"><p role=\"status\" aria-live=\"polite\" aria-atomic=\"true\"><\/p> <ul><\/ul><\/div>\n<form action=\"\/es\/wp-json\/wp\/v2\/pages\/22563#wpcf7-f22625-o1\" method=\"post\" class=\"wpcf7-form init\" aria-label=\"Formulario de contacto\" novalidate=\"novalidate\" data-status=\"init\">\n<fieldset class=\"hidden-fields-container\"><input type=\"hidden\" name=\"_wpcf7\" value=\"22625\" \/><input type=\"hidden\" name=\"_wpcf7_version\" value=\"6.1.1\" \/><input type=\"hidden\" name=\"_wpcf7_locale\" value=\"es_ES\" \/><input type=\"hidden\" name=\"_wpcf7_unit_tag\" value=\"wpcf7-f22625-o1\" \/><input type=\"hidden\" name=\"_wpcf7_container_post\" value=\"0\" \/><input type=\"hidden\" name=\"_wpcf7_posted_data_hash\" value=\"\" \/><input type=\"hidden\" name=\"_wpcf7_recaptcha_response\" value=\"\" \/>\n<\/fieldset>\n<p><span class=\"wpcf7-form-control-wrap\" data-name=\"your-name\"><input size=\"40\" maxlength=\"400\" class=\"wpcf7-form-control wpcf7-text wpcf7-validates-as-required\" aria-required=\"true\" aria-invalid=\"false\" placeholder=\"Nombre\" value=\"\" type=\"text\" name=\"your-name\" \/><\/span>\n<\/p>\n<p><span class=\"wpcf7-form-control-wrap\" data-name=\"your-email\"><input size=\"40\" maxlength=\"400\" class=\"wpcf7-form-control wpcf7-email wpcf7-validates-as-required wpcf7-text wpcf7-validates-as-email\" aria-required=\"true\" aria-invalid=\"false\" placeholder=\"Correo electr\u00f2nico\" value=\"\" type=\"email\" name=\"your-email\" \/><\/span>\n<\/p>\n<p><span class=\"wpcf7-form-control-wrap\" data-name=\"your-subject\"><input size=\"40\" maxlength=\"400\" class=\"wpcf7-form-control wpcf7-text wpcf7-validates-as-required\" aria-required=\"true\" aria-invalid=\"false\" placeholder=\"Asunto\" value=\"\" type=\"text\" name=\"your-subject\" \/><\/span>\n<\/p>\n<p><span class=\"wpcf7-form-control-wrap\" data-name=\"your-message\"><textarea cols=\"40\" rows=\"10\" maxlength=\"2000\" class=\"wpcf7-form-control wpcf7-textarea\" aria-invalid=\"false\" placeholder=\"Mensaje\" name=\"your-message\"><\/textarea><\/span>\n<\/p>\n<p><span class=\"wpcf7-form-control-wrap\" data-name=\"acceptance\"><span class=\"wpcf7-form-control wpcf7-acceptance\"><span class=\"wpcf7-list-item\"><label><input type=\"checkbox\" name=\"acceptance\" value=\"1\" aria-invalid=\"false\" \/><span class=\"wpcf7-list-item-label\">He le\u00eddo y acepto la <a href=\"\/es\/politica-de-privacidad\/\" target=\"_blank\">Pol\u00edtica de privacidad<\/a> de El Corredor.<\/span><\/label><\/span><\/span><\/span>\n<\/p>\n<p><input class=\"wpcf7-form-control wpcf7-submit has-spinner\" type=\"submit\" value=\"Env\u00eda\" \/>\n<\/p><div class=\"wpcf7-response-output\" aria-hidden=\"true\"><\/div>\n<\/form>\n<\/div>\n<\/div>\n\t\t\t\t\t\t<\/div>\n\t\t\t\t<\/div>\n\t\t<div class=\"elementor-element elementor-element-ac124f9 e-con-full e-flex e-con e-child\" data-id=\"ac124f9\" data-element_type=\"container\">\n\t\t<div class=\"elementor-element elementor-element-1b7db81 e-con-full e-flex e-con e-child\" data-id=\"1b7db81\" data-element_type=\"container\">\n\t\t<div class=\"elementor-element elementor-element-ba19bd6 e-con-full e-flex e-con e-child\" data-id=\"ba19bd6\" data-element_type=\"container\">\n\t\t\t\t<div class=\"elementor-element elementor-element-3bcd664 elementor-align-center elementor-widget elementor-widget-the7_icon_widget\" data-id=\"3bcd664\" data-element_type=\"widget\" data-widget_type=\"the7_icon_widget.default\">\n\t\t\t\t<div class=\"elementor-widget-container\">\n\t\t\t\t\t<div class=\"the7-icon-wrapper the7-elementor-widget\"><div class=\"elementor-icon\"><svg xmlns=\"http:\/\/www.w3.org\/2000\/svg\" viewBox=\"0 0 24 24\" width=\"24\" height=\"24\"><path fill=\"none\" d=\"M0 0h24v24H0z\"><\/path><path d=\"M22 17.002a6.002 6.002 0 0 1-4.713 5.86l-.638-1.914A4.003 4.003 0 0 0 19.465 19H17a2 2 0 0 1-2-2v-4a2 2 0 0 1 2-2h2.938a8.001 8.001 0 0 0-15.876 0H7a2 2 0 0 1 2 2v4a2 2 0 0 1-2 2H4a2 2 0 0 1-2-2v-5C2 6.477 6.477 2 12 2s10 4.477 10 10V17.002zM20 17v-4h-3v4h3zM4 13v4h3v-4H4z\"><\/path><\/svg><\/div><\/div>\t\t\t\t<\/div>\n\t\t\t\t<\/div>\n\t\t<div class=\"elementor-element elementor-element-e65460c e-con-full e-flex e-con e-child\" data-id=\"e65460c\" data-element_type=\"container\">\n\t\t\t\t<div class=\"elementor-element elementor-element-2b83159 elementor-widget elementor-widget-the7-heading\" data-id=\"2b83159\" data-element_type=\"widget\" data-widget_type=\"the7-heading.default\">\n\t\t\t\t<div class=\"elementor-widget-container\">\n\t\t\t\t\t<h4 class=\"the7-heading-title elementor-size-default\">Tel\u00e9fonos<\/h4>\t\t\t\t<\/div>\n\t\t\t\t<\/div>\n\t\t\t\t<div class=\"elementor-element elementor-element-c139665 elementor-widget elementor-widget-text-editor\" data-id=\"c139665\" data-element_type=\"widget\" data-widget_type=\"text-editor.default\">\n\t\t\t\t\t\t\t\t\t<p>93 841 09 64<\/p><p>637 029 249<\/p>\t\t\t\t\t\t\t\t<\/div>\n\t\t\t\t<\/div>\n\t\t\t\t<\/div>\n\t\t<div class=\"elementor-element elementor-element-0d05815 e-con-full e-flex e-con e-child\" data-id=\"0d05815\" data-element_type=\"container\">\n\t\t\t\t<div class=\"elementor-element elementor-element-d7594e4 elementor-align-center elementor-widget elementor-widget-the7_icon_widget\" data-id=\"d7594e4\" data-element_type=\"widget\" data-widget_type=\"the7_icon_widget.default\">\n\t\t\t\t<div class=\"elementor-widget-container\">\n\t\t\t\t\t<div class=\"the7-icon-wrapper the7-elementor-widget\"><div class=\"elementor-icon\"><svg xmlns=\"http:\/\/www.w3.org\/2000\/svg\" viewBox=\"0 0 24 24\" width=\"24\" height=\"24\"><path fill=\"none\" d=\"M0 0h24v24H0z\"><\/path><path d=\"M3 3h18a1 1 0 0 1 1 1v16a1 1 0 0 1-1 1H3a1 1 0 0 1-1-1V4a1 1 0 0 1 1-1zm17 4.238l-7.928 7.1L4 7.216V19h16V7.238zM4.511 5l7.55 6.662L19.502 5H4.511z\"><\/path><\/svg><\/div><\/div>\t\t\t\t<\/div>\n\t\t\t\t<\/div>\n\t\t<div class=\"elementor-element elementor-element-1f3d798 e-con-full e-flex e-con e-child\" data-id=\"1f3d798\" data-element_type=\"container\">\n\t\t\t\t<div class=\"elementor-element elementor-element-4fcc930 elementor-widget elementor-widget-the7-heading\" data-id=\"4fcc930\" data-element_type=\"widget\" data-widget_type=\"the7-heading.default\">\n\t\t\t\t<div class=\"elementor-widget-container\">\n\t\t\t\t\t<h4 class=\"the7-heading-title elementor-size-default\">Email<\/h4>\t\t\t\t<\/div>\n\t\t\t\t<\/div>\n\t\t\t\t<div class=\"elementor-element elementor-element-7f78305 elementor-widget elementor-widget-text-editor\" data-id=\"7f78305\" data-element_type=\"widget\" data-widget_type=\"text-editor.default\">\n\t\t\t\t\t\t\t\t\t<p><a href=\"mailto:llinars@elcorredorbicis.com\"><span class=\"\">llinars@elcorredorbicis.com<\/span><\/a><\/p>\t\t\t\t\t\t\t\t<\/div>\n\t\t\t\t<\/div>\n\t\t\t\t<\/div>\n\t\t<div class=\"elementor-element elementor-element-e9992e6 e-con-full e-flex e-con e-child\" data-id=\"e9992e6\" data-element_type=\"container\">\n\t\t\t\t<div class=\"elementor-element elementor-element-5083a82 elementor-align-center elementor-widget elementor-widget-the7_icon_widget\" data-id=\"5083a82\" data-element_type=\"widget\" data-widget_type=\"the7_icon_widget.default\">\n\t\t\t\t<div class=\"elementor-widget-container\">\n\t\t\t\t\t<div class=\"the7-icon-wrapper the7-elementor-widget\"><div class=\"elementor-icon\"><svg xmlns=\"http:\/\/www.w3.org\/2000\/svg\" viewBox=\"0 0 24 24\" width=\"24\" height=\"24\"><path fill=\"none\" d=\"M0 0h24v24H0z\"><\/path><path d=\"M12 23.728l-6.364-6.364a9 9 0 1 1 12.728 0L12 23.728zm4.95-7.778a7 7 0 1 0-9.9 0L12 20.9l4.95-4.95zM12 13a2 2 0 1 1 0-4 2 2 0 0 1 0 4z\"><\/path><\/svg><\/div><\/div>\t\t\t\t<\/div>\n\t\t\t\t<\/div>\n\t\t<div class=\"elementor-element elementor-element-633381b e-con-full e-flex e-con e-child\" data-id=\"633381b\" data-element_type=\"container\">\n\t\t\t\t<div class=\"elementor-element elementor-element-26aa5e2 elementor-widget elementor-widget-the7-heading\" data-id=\"26aa5e2\" data-element_type=\"widget\" data-widget_type=\"the7-heading.default\">\n\t\t\t\t<div class=\"elementor-widget-container\">\n\t\t\t\t\t<h4 class=\"the7-heading-title elementor-size-default\">Direcci\u00f3n<\/h4>\t\t\t\t<\/div>\n\t\t\t\t<\/div>\n\t\t\t\t<div class=\"elementor-element elementor-element-e4c1d54 elementor-widget elementor-widget-text-editor\" data-id=\"e4c1d54\" data-element_type=\"widget\" data-widget_type=\"text-editor.default\">\n\t\t\t\t\t\t\t\t\t<p>C\/ Dr. Fleming 5, 08450 Llinars del Vall\u00e8s, Barcelona<\/p>\t\t\t\t\t\t\t\t<\/div>\n\t\t\t\t<\/div>\n\t\t\t\t<\/div>\n\t\t<div class=\"elementor-element elementor-element-a89f3d0 e-con-full e-flex e-con e-child\" data-id=\"a89f3d0\" data-element_type=\"container\">\n\t\t\t\t<div class=\"elementor-element elementor-element-712fd69 elementor-align-center elementor-widget elementor-widget-the7_icon_widget\" data-id=\"712fd69\" data-element_type=\"widget\" data-widget_type=\"the7_icon_widget.default\">\n\t\t\t\t<div class=\"elementor-widget-container\">\n\t\t\t\t\t<div class=\"the7-icon-wrapper the7-elementor-widget\"><div class=\"elementor-icon\"><svg aria-hidden=\"true\" class=\"e-font-icon-svg e-far-clock\" viewBox=\"0 0 512 512\" xmlns=\"http:\/\/www.w3.org\/2000\/svg\"><path d=\"M256 8C119 8 8 119 8 256s111 248 248 248 248-111 248-248S393 8 256 8zm0 448c-110.5 0-200-89.5-200-200S145.5 56 256 56s200 89.5 200 200-89.5 200-200 200zm61.8-104.4l-84.9-61.7c-3.1-2.3-4.9-5.9-4.9-9.7V116c0-6.6 5.4-12 12-12h32c6.6 0 12 5.4 12 12v141.7l66.8 48.6c5.4 3.9 6.5 11.4 2.6 16.8L334.6 349c-3.9 5.3-11.4 6.5-16.8 2.6z\"><\/path><\/svg><\/div><\/div>\t\t\t\t<\/div>\n\t\t\t\t<\/div>\n\t\t<div class=\"elementor-element elementor-element-492e403 e-con-full e-flex e-con e-child\" data-id=\"492e403\" data-element_type=\"container\">\n\t\t\t\t<div class=\"elementor-element elementor-element-fb3e295 elementor-widget elementor-widget-the7-heading\" data-id=\"fb3e295\" data-element_type=\"widget\" data-widget_type=\"the7-heading.default\">\n\t\t\t\t<div class=\"elementor-widget-container\">\n\t\t\t\t\t<h4 class=\"the7-heading-title elementor-size-default\">Horarios<\/h4>\t\t\t\t<\/div>\n\t\t\t\t<\/div>\n\t\t\t\t<div class=\"elementor-element elementor-element-9db8ca7 elementor-widget elementor-widget-text-editor\" data-id=\"9db8ca7\" data-element_type=\"widget\" data-widget_type=\"text-editor.default\">\n\t\t\t\t\t\t\t\t\t<p>Lunes a Viernes<br \/>Ma\u00f1ana: 8h-13h \u2013 Tarde: 16h-20h<br \/>S\u00e1bado: 9h-13h<\/p>\t\t\t\t\t\t\t\t<\/div>\n\t\t\t\t<\/div>\n\t\t\t\t<\/div>\n\t\t\t\t<\/div>\n\t\t<div class=\"elementor-element elementor-element-1410d83 e-con-full e-flex e-con e-child\" data-id=\"1410d83\" data-element_type=\"container\">\n\t\t\t\t<div class=\"elementor-element elementor-element-7c4355a elementor-widget elementor-widget-heading\" data-id=\"7c4355a\" data-element_type=\"widget\" data-widget_type=\"heading.default\">\n\t\t\t\t\t<h4 class=\"elementor-heading-title elementor-size-default\">S\u00edguenos en redes<\/h4>\t\t\t\t<\/div>\n\t\t<div class=\"elementor-element elementor-element-c831a99 e-con-full e-flex e-con e-child\" data-id=\"c831a99\" data-element_type=\"container\">\n\t\t\t\t<div class=\"elementor-element elementor-element-040d40d elementor-widget__width-auto elementor-align-center elementor-widget elementor-widget-the7_icon_widget\" data-id=\"040d40d\" data-element_type=\"widget\" data-widget_type=\"the7_icon_widget.default\">\n\t\t\t\t<div class=\"elementor-widget-container\">\n\t\t\t\t\t<div class=\"the7-icon-wrapper the7-elementor-widget\"><a class=\"elementor-icon\" href=\"https:\/\/www.facebook.com\/el-corredor-492038650884877\" target=\"_blank\"><svg xmlns=\"http:\/\/www.w3.org\/2000\/svg\" viewBox=\"0 0 24 24\" width=\"24\" height=\"24\"><path fill=\"none\" d=\"M0 0h24v24H0z\"><\/path><path d=\"M12 2C6.477 2 2 6.477 2 12c0 4.991 3.657 9.128 8.438 9.879V14.89h-2.54V12h2.54V9.797c0-2.506 1.492-3.89 3.777-3.89 1.094 0 2.238.195 2.238.195v2.46h-1.26c-1.243 0-1.63.771-1.63 1.562V12h2.773l-.443 2.89h-2.33v6.989C18.343 21.129 22 16.99 22 12c0-5.523-4.477-10-10-10z\"><\/path><\/svg><\/a><\/div>\t\t\t\t<\/div>\n\t\t\t\t<\/div>\n\t\t\t\t<div class=\"elementor-element elementor-element-2baa4c3 elementor-widget__width-auto elementor-align-center elementor-widget elementor-widget-the7_icon_widget\" data-id=\"2baa4c3\" data-element_type=\"widget\" data-widget_type=\"the7_icon_widget.default\">\n\t\t\t\t<div class=\"elementor-widget-container\">\n\t\t\t\t\t<div class=\"the7-icon-wrapper the7-elementor-widget\"><a class=\"elementor-icon\" href=\"https:\/\/www.instagram.com\/elcorredorllinars\" target=\"_blank\"><svg xmlns=\"http:\/\/www.w3.org\/2000\/svg\" viewBox=\"0 0 24 24\" width=\"24\" height=\"24\"><path fill=\"none\" d=\"M0 0h24v24H0z\"><\/path><path d=\"M12 2c2.717 0 3.056.01 4.122.06 1.065.05 1.79.217 2.428.465.66.254 1.216.598 1.772 1.153a4.908 4.908 0 0 1 1.153 1.772c.247.637.415 1.363.465 2.428.047 1.066.06 1.405.06 4.122 0 2.717-.01 3.056-.06 4.122-.05 1.065-.218 1.79-.465 2.428a4.883 4.883 0 0 1-1.153 1.772 4.915 4.915 0 0 1-1.772 1.153c-.637.247-1.363.415-2.428.465-1.066.047-1.405.06-4.122.06-2.717 0-3.056-.01-4.122-.06-1.065-.05-1.79-.218-2.428-.465a4.89 4.89 0 0 1-1.772-1.153 4.904 4.904 0 0 1-1.153-1.772c-.248-.637-.415-1.363-.465-2.428C2.013 15.056 2 14.717 2 12c0-2.717.01-3.056.06-4.122.05-1.066.217-1.79.465-2.428a4.88 4.88 0 0 1 1.153-1.772A4.897 4.897 0 0 1 5.45 2.525c.638-.248 1.362-.415 2.428-.465C8.944 2.013 9.283 2 12 2zm0 5a5 5 0 1 0 0 10 5 5 0 0 0 0-10zm6.5-.25a1.25 1.25 0 0 0-2.5 0 1.25 1.25 0 0 0 2.5 0zM12 9a3 3 0 1 1 0 6 3 3 0 0 1 0-6z\"><\/path><\/svg><\/a><\/div>\t\t\t\t<\/div>\n\t\t\t\t<\/div>\n\t\t\t\t<div class=\"elementor-element elementor-element-f0154ae elementor-widget__width-auto elementor-align-center elementor-widget elementor-widget-the7_icon_widget\" data-id=\"f0154ae\" data-element_type=\"widget\" data-widget_type=\"the7_icon_widget.default\">\n\t\t\t\t<div class=\"elementor-widget-container\">\n\t\t\t\t\t<div class=\"the7-icon-wrapper the7-elementor-widget\"><a class=\"elementor-icon\" href=\"https:\/\/wa.me\/34637029249\" target=\"_blank\"><svg xmlns=\"http:\/\/www.w3.org\/2000\/svg\" viewBox=\"0 0 24 24\" width=\"24\" height=\"24\"><path fill=\"none\" d=\"M0 0h24v24H0z\"><\/path><path d=\"M2.004 22l1.352-4.968A9.954 9.954 0 0 1 2 12C2 6.477 6.477 2 12 2s10 4.477 10 10-4.477 10-10 10a9.954 9.954 0 0 1-5.03-1.355L2.004 22zM8.391 7.308a.961.961 0 0 0-.371.1 1.293 1.293 0 0 0-.294.228c-.12.113-.188.211-.261.306A2.729 2.729 0 0 0 6.9 9.62c.002.49.13.967.33 1.413.409.902 1.082 1.857 1.971 2.742.214.213.423.427.648.626a9.448 9.448 0 0 0 3.84 2.046l.569.087c.185.01.37-.004.556-.013a1.99 1.99 0 0 0 .833-.231c.166-.088.244-.132.383-.22 0 0 .043-.028.125-.09.135-.1.218-.171.33-.288.083-.086.155-.187.21-.302.078-.163.156-.474.188-.733.024-.198.017-.306.014-.373-.004-.107-.093-.218-.19-.265l-.582-.261s-.87-.379-1.401-.621a.498.498 0 0 0-.177-.041.482.482 0 0 0-.378.127v-.002c-.005 0-.072.057-.795.933a.35.35 0 0 1-.368.13 1.416 1.416 0 0 1-.191-.066c-.124-.052-.167-.072-.252-.109l-.005-.002a6.01 6.01 0 0 1-1.57-1c-.126-.11-.243-.23-.363-.346a6.296 6.296 0 0 1-1.02-1.268l-.059-.095a.923.923 0 0 1-.102-.205c-.038-.147.061-.265.061-.265s.243-.266.356-.41a4.38 4.38 0 0 0 .263-.373c.118-.19.155-.385.093-.536-.28-.684-.57-1.365-.868-2.041-.059-.134-.234-.23-.393-.249-.054-.006-.108-.012-.162-.016a3.385 3.385 0 0 0-.403.004z\"><\/path><\/svg><\/a><\/div>\t\t\t\t<\/div>\n\t\t\t\t<\/div>\n\t\t\t\t<\/div>\n\t\t\t\t<\/div>\n\t\t\t\t<\/div>\n\t\t\t\t\t<\/div>\n\t\t\t\t<\/div>\n\t\t\t\t<\/div>\n\t\t\t\t<\/div>\n\t\t","protected":false},"excerpt":{"rendered":"<p>Escr\u00edbenos Para cualquier consulta no dudes en ponerte en contacto con nosotros. Tel\u00e9fonos 93 841 09 64 637 029 249 Email llinars@elcorredorbicis.com Direcci\u00f3n C\/ Dr. Fleming 5, 08450 Llinars del Vall\u00e8s, Barcelona Horarios Lunes a ViernesMa\u00f1ana: 8h-13h \u2013 Tarde: 16h-20hS\u00e1bado: 9h-13h S\u00edguenos en redes<\/p>\n","protected":false},"author":1,"featured_media":0,"parent":0,"menu_order":80,"comment_status":"closed","ping_status":"closed","template":"","meta":{"footnotes":""},"class_list":["post-22563","page","type-page","status-publish","hentry"],"_links":{"self":[{"href":"https:\/\/elcorredorbicis.com\/es\/wp-json\/wp\/v2\/pages\/22563","targetHints":{"allow":["GET"]}}],"collection":[{"href":"https:\/\/elcorredorbicis.com\/es\/wp-json\/wp\/v2\/pages"}],"about":[{"href":"https:\/\/elcorredorbicis.com\/es\/wp-json\/wp\/v2\/types\/page"}],"author":[{"embeddable":true,"href":"https:\/\/elcorredorbicis.com\/es\/wp-json\/wp\/v2\/users\/1"}],"replies":[{"embeddable":true,"href":"https:\/\/elcorredorbicis.com\/es\/wp-json\/wp\/v2\/comments?post=22563"}],"version-history":[{"count":7,"href":"https:\/\/elcorredorbicis.com\/es\/wp-json\/wp\/v2\/pages\/22563\/revisions"}],"predecessor-version":[{"id":22633,"href":"https:\/\/elcorredorbicis.com\/es\/wp-json\/wp\/v2\/pages\/22563\/revisions\/22633"}],"wp:attachment":[{"href":"https:\/\/elcorredorbicis.com\/es\/wp-json\/wp\/v2\/media?parent=22563"}],"curies":[{"name":"wp","href":"https:\/\/api.w.org\/{rel}","templated":true}]}}