{"id":22560,"date":"2024-05-17T09:57:31","date_gmt":"2024-05-17T09:57:31","guid":{"rendered":"https:\/\/elcorredorbicis.com\/companyia\/"},"modified":"2025-09-16T10:15:45","modified_gmt":"2025-09-16T10:15:45","slug":"compania","status":"publish","type":"page","link":"https:\/\/elcorredorbicis.com\/es\/compania\/","title":{"rendered":"Compa\u00f1\u00eda"},"content":{"rendered":"\t\t<div data-elementor-type=\"wp-page\" data-elementor-id=\"22560\" class=\"elementor elementor-22560 elementor-15198\" data-elementor-post-type=\"page\">\n\t\t\t\t<div class=\"elementor-element elementor-element-2ec08f7 e-con-full e-flex e-con e-parent\" data-id=\"2ec08f7\" data-element_type=\"container\" id=\"about-us\" data-settings=\"{&quot;background_background&quot;:&quot;gradient&quot;}\">\n\t\t<div class=\"elementor-element elementor-element-09274b7 e-flex e-con-boxed e-con e-child\" data-id=\"09274b7\" data-element_type=\"container\">\n\t\t\t\t\t<div class=\"e-con-inner\">\n\t\t<div class=\"elementor-element elementor-element-d066207 e-con-full e-flex e-con e-child\" data-id=\"d066207\" data-element_type=\"container\">\n\t\t\t\t<div class=\"elementor-element elementor-element-86858ab elementor-widget elementor-widget-image\" data-id=\"86858ab\" data-element_type=\"widget\" data-widget_type=\"image.default\">\n\t\t\t\t\t\t\t\t\t\t\t\t\t\t\t<img decoding=\"async\" src=\"https:\/\/elcorredorbicis.com\/wp-content\/uploads\/elementor\/thumbs\/img_5483-rbwdox3913bymryzaq8fkh0mfhs8v7k4arkxjqlpuw.jpg\" title=\"img_5483\" alt=\"img_5483\" loading=\"lazy\" \/>\t\t\t\t\t\t\t\t\t\t\t\t\t\t\t<\/div>\n\t\t\t\t<div class=\"elementor-element elementor-element-dd37786 elementor-widget elementor-widget-image\" data-id=\"dd37786\" data-element_type=\"widget\" data-widget_type=\"image.default\">\n\t\t\t\t\t\t\t\t\t\t\t\t\t\t\t<img decoding=\"async\" src=\"https:\/\/elcorredorbicis.com\/wp-content\/uploads\/elementor\/thumbs\/img_5477-rbwdox3conp9gsg6jgtxwpjpjif4uh79y5cfzy1dy8.jpg\" title=\"img_5477\" alt=\"img_5477\" loading=\"lazy\" \/>\t\t\t\t\t\t\t\t\t\t\t\t\t\t\t<\/div>\n\t\t\t\t<\/div>\n\t\t<div class=\"elementor-element elementor-element-f05bd30 e-con-full e-flex e-con e-child\" data-id=\"f05bd30\" data-element_type=\"container\">\n\t\t\t\t<div class=\"elementor-element elementor-element-79a6f28 elementor-widget elementor-widget-heading\" data-id=\"79a6f28\" data-element_type=\"widget\" data-widget_type=\"heading.default\">\n\t\t\t\t\t<h4 class=\"elementor-heading-title elementor-size-default\">Qui\u00e9nes somos<\/h4>\t\t\t\t<\/div>\n\t\t\t\t<div class=\"elementor-element elementor-element-c6394ac elementor-widget elementor-widget-heading\" data-id=\"c6394ac\" data-element_type=\"widget\" data-widget_type=\"heading.default\">\n\t\t\t\t\t<h4 class=\"elementor-heading-title elementor-size-default\">El Corredor<\/h4>\t\t\t\t<\/div>\n\t\t\t\t<div class=\"elementor-element elementor-element-09dd52a elementor-widget elementor-widget-text-editor\" data-id=\"09dd52a\" data-element_type=\"widget\" data-widget_type=\"text-editor.default\">\n\t\t\t\t\t\t\t\t\t<p><strong>El Corredor<\/strong> naci\u00f3 hace 15 a\u00f1os con una nueva gesti\u00f3n, y desde entonces no ha parado de crecer pasando por tres sedes, siempre en Llinars del Vall\u00e8s. En verano de 2024 estrenamos la nueva sede en la calle Doctor Fleming, 5. Un espacio de 400m2 dedicado al mundo de la bicicleta siempre pensando en dar el mejor servicio y comodidad a nuestro cliente y tambi\u00e9n al equipo que hace de nosotros ser quienes somos.<\/p>\t\t\t\t\t\t\t\t<\/div>\n\t\t\t\t<\/div>\n\t\t\t\t\t<\/div>\n\t\t\t\t<\/div>\n\t\t\t\t<\/div>\n\t\t<div class=\"elementor-element elementor-element-7cd99c4 e-flex e-con-boxed e-con e-parent\" data-id=\"7cd99c4\" data-element_type=\"container\">\n\t\t\t\t\t<div class=\"e-con-inner\">\n\t\t<div class=\"elementor-element elementor-element-6678cb0 e-flex e-con-boxed e-con e-child\" data-id=\"6678cb0\" data-element_type=\"container\">\n\t\t\t\t\t<div class=\"e-con-inner\">\n\t\t<div class=\"elementor-element elementor-element-ceeedd6 e-con-full e-flex e-con e-child\" data-id=\"ceeedd6\" data-element_type=\"container\">\n\t\t\t\t<div class=\"elementor-element elementor-element-b3f93b3 elementor-widget elementor-widget-text-editor\" data-id=\"b3f93b3\" data-element_type=\"widget\" data-widget_type=\"text-editor.default\">\n\t\t\t\t\t\t\t\t\t<p>Adem\u00e1s de tienda y taller, somos tambi\u00e9n un club ciclista que naci\u00f3 hace m\u00e1s de 25 a\u00f1os. El C.C. El Corredor, a\u00f1o tras a\u00f1o, ofrece el servicio de tramitaci\u00f3n de todo tipo de licencias con Federaci\u00f3n Catalana de Ciclismo.<\/p><p>Estamos situados a caballo entre el <a href=\"https:\/\/parcs.diba.cat\/ca\/web\/montseny\">Parc Natural del Montseny<\/a> y el <a href=\"https:\/\/parcs.diba.cat\/ca\/web\/montnegre\/\">Parc Natural del Montnegre i el Corredor<\/a>. \u00c9ste \u00faltimo marca nuestra identidad, y como apasionados de la bicicleta y la monta\u00f1a, deseamos que nuestros clientes disfruten del para\u00edso de la bicicleta del que estamos rodeados.<\/p><p>Nuestro equipo est\u00e1 compuesto por profesionales con muchos a\u00f1os de experiencia en el \u00e1mbito de la competici\u00f3n y como aficionados de la bicicleta, quisimos unir nuestros conocimientos obtenidos en todo el mundo para aplicarlos a nuestra pasi\u00f3n.<\/p>\t\t\t\t\t\t\t\t<\/div>\n\t\t\t\t<\/div>\n\t\t<div class=\"elementor-element elementor-element-482c16f e-con-full e-flex e-con e-child\" data-id=\"482c16f\" data-element_type=\"container\">\n\t\t\t\t<div class=\"elementor-element elementor-element-a783311 content-align-left the7-hover-visibility-disabled preserve-img-ratio-cover transform-overlay-yes exceeding-frame-yes elementor-widget elementor-widget-the7-image-widget\" data-id=\"a783311\" data-element_type=\"widget\" data-settings=\"{&quot;hover_visibility&quot;:&quot;disabled&quot;}\" data-widget_type=\"the7-image-widget.default\">\n\t\t\t\t<div class=\"elementor-widget-container\">\n\t\t\t\t\t<div class=\"the7-image-container\"><div class=\"the7-image-wrapper the7-elementor-widget the7-transform-container\"><div class=\"post-thumbnail-rollover layzr-bg img-css-resize-wrapper\"><img fetchpriority=\"high\" decoding=\"async\" width=\"2000\" height=\"1500\" src=\"data:image\/svg+xml,%3Csvg%20xmlns%3D&#039;http%3A%2F%2Fwww.w3.org%2F2000%2Fsvg&#039;%20viewBox%3D&#039;0%200%202000%201500&#039;%2F%3E\" class=\"attachment-full size-full preload-me aspect lazy lazy-load\" alt=\"\" sizes=\"(max-width: 2000px) 100vw, 2000px\" style=\"--ratio: 2000 \/ 1500;\" data-src=\"https:\/\/elcorredorbicis.com\/wp-content\/uploads\/2025\/09\/img_3016.jpg\" loading=\"eager\" data-srcset=\"https:\/\/elcorredorbicis.com\/wp-content\/uploads\/2025\/09\/img_3016.jpg 2000w, https:\/\/elcorredorbicis.com\/wp-content\/uploads\/2025\/09\/img_3016-1000x750.jpg 1000w, https:\/\/elcorredorbicis.com\/wp-content\/uploads\/2025\/09\/img_3016-300x225.jpg 300w, https:\/\/elcorredorbicis.com\/wp-content\/uploads\/2025\/09\/img_3016-1024x768.jpg 1024w, https:\/\/elcorredorbicis.com\/wp-content\/uploads\/2025\/09\/img_3016-768x576.jpg 768w, https:\/\/elcorredorbicis.com\/wp-content\/uploads\/2025\/09\/img_3016-1536x1152.jpg 1536w\" \/><\/div><\/div><\/div>\t\t\t\t<\/div>\n\t\t\t\t<\/div>\n\t\t\t\t<\/div>\n\t\t\t\t\t<\/div>\n\t\t\t\t<\/div>\n\t\t\t\t\t<\/div>\n\t\t\t\t<\/div>\n\t\t<div class=\"elementor-element elementor-element-0a9a9f7 e-flex e-con-boxed e-con e-parent\" data-id=\"0a9a9f7\" data-element_type=\"container\" data-settings=\"{&quot;background_background&quot;:&quot;classic&quot;}\">\n\t\t\t\t\t<div class=\"e-con-inner\">\n\t\t<div class=\"elementor-element elementor-element-602150d e-con-full e-grid e-con e-child\" data-id=\"602150d\" data-element_type=\"container\">\n\t\t<div class=\"elementor-element elementor-element-0498759 e-con-full e-flex e-con e-child\" data-id=\"0498759\" data-element_type=\"container\">\n\t\t<div class=\"elementor-element elementor-element-87f6405 e-con-full e-flex e-con e-child\" data-id=\"87f6405\" data-element_type=\"container\">\n\t\t\t\t<div class=\"elementor-element elementor-element-194b44a elementor-widget elementor-widget-image\" data-id=\"194b44a\" data-element_type=\"widget\" data-widget_type=\"image.default\">\n\t\t\t\t\t\t\t\t\t\t\t\t\t\t\t<img decoding=\"async\" src=\"https:\/\/elcorredorbicis.com\/wp-content\/plugins\/elementor\/assets\/images\/placeholder.png\" title=\"\" alt=\"\" loading=\"lazy\" \/>\t\t\t\t\t\t\t\t\t\t\t\t\t\t\t<\/div>\n\t\t\t\t<div class=\"elementor-element elementor-element-5d4acae elementor-widget elementor-widget-the7-heading\" data-id=\"5d4acae\" data-element_type=\"widget\" data-widget_type=\"the7-heading.default\">\n\t\t\t\t<div class=\"elementor-widget-container\">\n\t\t\t\t\t<h5 class=\"the7-heading-title elementor-size-default\">EDUARD CASTILLO<\/h5>\t\t\t\t<\/div>\n\t\t\t\t<\/div>\n\t\t\t\t<div class=\"elementor-element elementor-element-bc223ec elementor-widget elementor-widget-text-editor\" data-id=\"bc223ec\" data-element_type=\"widget\" data-widget_type=\"text-editor.default\">\n\t\t\t\t\t\t\t\t\t<p>Como copropietario de El Corredor y fundador de la empresa, ha pasado por todos los roles posibles. Es un apasionado de la mec\u00e1nica desde peque\u00f1o, y su extensa formaci\u00f3n, hace que busque la perfecci\u00f3n en cada reparaci\u00f3n, y as\u00ed lo ha transmitido tambi\u00e9n al resto del equipo. Esto nos ha posicionado como un taller de referencia en la zona.<\/p>\t\t\t\t\t\t\t\t<\/div>\n\t\t\t\t<\/div>\n\t\t\t\t<\/div>\n\t\t<div class=\"elementor-element elementor-element-9f13067 e-con-full e-flex e-con e-child\" data-id=\"9f13067\" data-element_type=\"container\">\n\t\t<div class=\"elementor-element elementor-element-3450a3a e-con-full e-flex e-con e-child\" data-id=\"3450a3a\" data-element_type=\"container\">\n\t\t\t\t<div class=\"elementor-element elementor-element-d520a98 elementor-widget elementor-widget-image\" data-id=\"d520a98\" data-element_type=\"widget\" data-widget_type=\"image.default\">\n\t\t\t\t\t\t\t\t\t\t\t\t\t\t\t<img decoding=\"async\" src=\"https:\/\/elcorredorbicis.com\/wp-content\/plugins\/elementor\/assets\/images\/placeholder.png\" title=\"\" alt=\"\" loading=\"lazy\" \/>\t\t\t\t\t\t\t\t\t\t\t\t\t\t\t<\/div>\n\t\t\t\t<div class=\"elementor-element elementor-element-773b45b elementor-widget elementor-widget-the7-heading\" data-id=\"773b45b\" data-element_type=\"widget\" data-widget_type=\"the7-heading.default\">\n\t\t\t\t<div class=\"elementor-widget-container\">\n\t\t\t\t\t<h5 class=\"the7-heading-title elementor-size-default\">JANINA GONZ\u00c1LEZ<\/h5>\t\t\t\t<\/div>\n\t\t\t\t<\/div>\n\t\t\t\t<div class=\"elementor-element elementor-element-d87632f elementor-widget elementor-widget-text-editor\" data-id=\"d87632f\" data-element_type=\"widget\" data-widget_type=\"text-editor.default\">\n\t\t\t\t\t\t\t\t\t<p>Como copropietar\u00eda de El Corredor, se encarga de la gesti\u00f3n administrativa de la empresa y del tel\u00f3n de fondo. Sus conocimientos log\u00edsticos y organizativos han sido valor a\u00f1adido en el crecimiento de nuestra empresa.<\/p>\t\t\t\t\t\t\t\t<\/div>\n\t\t\t\t<\/div>\n\t\t\t\t<\/div>\n\t\t<div class=\"elementor-element elementor-element-294dcd6 e-con-full e-flex e-con e-child\" data-id=\"294dcd6\" data-element_type=\"container\">\n\t\t<div class=\"elementor-element elementor-element-b6374c1 e-con-full e-flex e-con e-child\" data-id=\"b6374c1\" data-element_type=\"container\">\n\t\t\t\t<div class=\"elementor-element elementor-element-7caacea elementor-widget elementor-widget-image\" data-id=\"7caacea\" data-element_type=\"widget\" data-widget_type=\"image.default\">\n\t\t\t\t\t\t\t\t\t\t\t\t\t\t\t<img decoding=\"async\" src=\"https:\/\/elcorredorbicis.com\/wp-content\/plugins\/elementor\/assets\/images\/placeholder.png\" title=\"\" alt=\"\" loading=\"lazy\" \/>\t\t\t\t\t\t\t\t\t\t\t\t\t\t\t<\/div>\n\t\t\t\t<div class=\"elementor-element elementor-element-bb00ca9 elementor-widget elementor-widget-the7-heading\" data-id=\"bb00ca9\" data-element_type=\"widget\" data-widget_type=\"the7-heading.default\">\n\t\t\t\t<div class=\"elementor-widget-container\">\n\t\t\t\t\t<h5 class=\"the7-heading-title elementor-size-default\">GERARD AMBR\u00d2S<\/h5>\t\t\t\t<\/div>\n\t\t\t\t<\/div>\n\t\t\t\t<div class=\"elementor-element elementor-element-6ca956d elementor-widget elementor-widget-text-editor\" data-id=\"6ca956d\" data-element_type=\"widget\" data-widget_type=\"text-editor.default\">\n\t\t\t\t\t\t\t\t\t<p>Gerard es nuestro jefe de taller. Ha crecido con nosotros y tanto puedes encontrarlo en el taller solucionando un problema como recomend\u00e1ndote la mejor bicicleta para ti, siempre con una sonrisa.<\/p>\t\t\t\t\t\t\t\t<\/div>\n\t\t\t\t<\/div>\n\t\t\t\t<\/div>\n\t\t\t\t<\/div>\n\t\t\t\t\t<\/div>\n\t\t\t\t<\/div>\n\t\t<div class=\"elementor-element elementor-element-a2b0f22 e-flex e-con-boxed e-con e-parent\" data-id=\"a2b0f22\" data-element_type=\"container\" data-settings=\"{&quot;background_background&quot;:&quot;classic&quot;}\">\n\t\t\t\t\t<div class=\"e-con-inner\">\n\t\t\t\t<div class=\"elementor-element elementor-element-54eab9c elementor-widget elementor-widget-heading\" data-id=\"54eab9c\" data-element_type=\"widget\" data-widget_type=\"heading.default\">\n\t\t\t\t\t<h3 class=\"elementor-heading-title elementor-size-default\">Si todav\u00eda no lo has hecho, \u00a1deseamos que nos vengas a visitar en breve!<\/h3>\t\t\t\t<\/div>\n\t\t\t\t\t<\/div>\n\t\t\t\t<\/div>\n\t\t\t\t<\/div>\n\t\t","protected":false},"excerpt":{"rendered":"<p>Qui\u00e9nes somos El Corredor El Corredor naci\u00f3 hace 15 a\u00f1os con una nueva gesti\u00f3n, y desde entonces no ha parado de crecer pasando por tres sedes, siempre en Llinars del Vall\u00e8s. En verano de 2024 estrenamos la nueva sede en la calle Doctor Fleming, 5. Un espacio de 400m2 dedicado al mundo de la bicicleta&hellip;<\/p>\n","protected":false},"author":1,"featured_media":0,"parent":0,"menu_order":10,"comment_status":"closed","ping_status":"closed","template":"","meta":{"footnotes":""},"class_list":["post-22560","page","type-page","status-publish","hentry"],"_links":{"self":[{"href":"https:\/\/elcorredorbicis.com\/es\/wp-json\/wp\/v2\/pages\/22560","targetHints":{"allow":["GET"]}}],"collection":[{"href":"https:\/\/elcorredorbicis.com\/es\/wp-json\/wp\/v2\/pages"}],"about":[{"href":"https:\/\/elcorredorbicis.com\/es\/wp-json\/wp\/v2\/types\/page"}],"author":[{"embeddable":true,"href":"https:\/\/elcorredorbicis.com\/es\/wp-json\/wp\/v2\/users\/1"}],"replies":[{"embeddable":true,"href":"https:\/\/elcorredorbicis.com\/es\/wp-json\/wp\/v2\/comments?post=22560"}],"version-history":[{"count":4,"href":"https:\/\/elcorredorbicis.com\/es\/wp-json\/wp\/v2\/pages\/22560\/revisions"}],"predecessor-version":[{"id":22636,"href":"https:\/\/elcorredorbicis.com\/es\/wp-json\/wp\/v2\/pages\/22560\/revisions\/22636"}],"wp:attachment":[{"href":"https:\/\/elcorredorbicis.com\/es\/wp-json\/wp\/v2\/media?parent=22560"}],"curies":[{"name":"wp","href":"https:\/\/api.w.org\/{rel}","templated":true}]}}