{"id":22556,"date":"2021-10-01T13:01:38","date_gmt":"2021-10-01T13:01:38","guid":{"rendered":"https:\/\/elcorredorbicis.com\/termes-i-condicions\/"},"modified":"2025-09-16T10:02:44","modified_gmt":"2025-09-16T10:02:44","slug":"terminos-y-condiciones","status":"publish","type":"page","link":"https:\/\/elcorredorbicis.com\/es\/terminos-y-condiciones\/","title":{"rendered":"T\u00e9rminos y condiciones"},"content":{"rendered":"\t\t<div data-elementor-type=\"wp-page\" data-elementor-id=\"22556\" class=\"elementor elementor-22556 elementor-5475\" data-elementor-post-type=\"page\">\n\t\t\t\t<div class=\"elementor-element elementor-element-f16454c e-con-full e-flex e-con e-parent\" data-id=\"f16454c\" data-element_type=\"container\" data-settings=\"{&quot;background_background&quot;:&quot;gradient&quot;}\">\n\t\t<div class=\"elementor-element elementor-element-5b0d0e6 e-flex e-con-boxed e-con e-child\" data-id=\"5b0d0e6\" data-element_type=\"container\">\n\t\t\t\t\t<div class=\"e-con-inner\">\n\t\t\t\t<div class=\"elementor-element elementor-element-5687a17 elementor-widget elementor-widget-text-editor\" data-id=\"5687a17\" data-element_type=\"widget\" data-widget_type=\"text-editor.default\">\n\t\t\t\t\t\t\t\t\t<p><strong>RECOGIDA\u00a0 EN LA TIENDA<\/strong><\/p><p>La opci\u00f3n \u201crecogida en tienda\u201d es gratuita y la encontrar\u00e1s entre las opciones de transporte.<\/p><p>Nos pondremos en contacto por correo electr\u00f3nico una vez que el pedido est\u00e9 listo para recoger.<\/p><p><strong>ENV\u00cdOS<\/strong><\/p><p>Los paquetes se enviar\u00e1n en 24 o 48 horas una vez recibido el pago.<\/p><p>Una vez que tu paquete est\u00e9 en marcha, te enviaremos un n\u00famero de seguimiento a tu correo electr\u00f3nico a trav\u00e9s del cual podr\u00e1s realizar el seguimiento.<\/p><p>Los gastos de env\u00edo incluyen la manipulaci\u00f3n y empaque del producto.<\/p><p><strong>Gastos de env\u00edo:<\/strong><\/p><p>Los env\u00edos superiores a 50\u20ac son gratuitos.<\/p><p>Para cualquier env\u00edo a la carta, nos puede contactar por correo a llinars@elcorredorbicis.com o por tel\u00e9fono al 93. 841.09.64<\/p><p>Nota. El Corredor depende de las empresas de transporte subcontratadas para realizar los env\u00edos y \u00e9stas pueden sufrir contratiempos o atrasos no atribuibles a El Corredor.<\/p><p>No nos hacemos responsables de los da\u00f1os causados \u200b\u200bdurante el transporte.<\/p><p><strong>DEVOLUCIONES O CAMBIOS:<\/strong><\/p><p>El plazo de devoluci\u00f3n legal es de 14 d\u00edas naturales contados desde la fecha de entrega. (Art\u00edculos 102 y 104 del R.D.L. 1\/2007 del 16 de noviembre de 2007).<\/p><p>Para iniciar una devoluci\u00f3n o cambio, deber\u00e1s enviarnos un correo a llinars@elcorredorbicis.com adjuntando el n\u00famero de pedido, el correo electr\u00f3nico con el que lo realizaste y el motivo de la devoluci\u00f3n o cambio.<\/p><p>Condiciones para la devoluci\u00f3n:<\/p><p>Los productos deben estar en perfecto estado, sin haber sido usados, con su envoltorio original y todas sus etiquetas y garant\u00edas.<\/p><p>El empaque debe realizarse adecuadamente para asegurar que el material no sufre ning\u00fan da\u00f1o durante el transporte y poder hacer la devoluci\u00f3n.<\/p><p>El coste de la devoluci\u00f3n corre a cargo del cliente. El Corredor no se har\u00e1 cargo de los costes de devoluci\u00f3n y no se aceptar\u00e1n devoluciones a portes debidos.<\/p><p>No nos hacemos responsables de los paquetes perdidos durante una devoluci\u00f3n.<\/p><p>Una vez hayamos comprobado el buen estado del producto devuelto, procederemos a realizar el reembolso del dinero con la misma forma de pago con la que se realiz\u00f3 el pedido. El reembolso puede tardar entre 3 y 5 d\u00edas laborables.<\/p>\t\t\t\t\t\t\t\t<\/div>\n\t\t\t\t\t<\/div>\n\t\t\t\t<\/div>\n\t\t\t\t<\/div>\n\t\t\t\t<\/div>\n\t\t","protected":false},"excerpt":{"rendered":"<p>RECOGIDA\u00a0 EN LA TIENDA La opci\u00f3n \u201crecogida en tienda\u201d es gratuita y la encontrar\u00e1s entre las opciones de transporte. Nos pondremos en contacto por correo electr\u00f3nico una vez que el pedido est\u00e9 listo para recoger. ENV\u00cdOS Los paquetes se enviar\u00e1n en 24 o 48 horas una vez recibido el pago. Una vez que tu paquete&hellip;<\/p>\n","protected":false},"author":1,"featured_media":0,"parent":0,"menu_order":800,"comment_status":"closed","ping_status":"closed","template":"","meta":{"footnotes":""},"class_list":["post-22556","page","type-page","status-publish","hentry"],"_links":{"self":[{"href":"https:\/\/elcorredorbicis.com\/es\/wp-json\/wp\/v2\/pages\/22556","targetHints":{"allow":["GET"]}}],"collection":[{"href":"https:\/\/elcorredorbicis.com\/es\/wp-json\/wp\/v2\/pages"}],"about":[{"href":"https:\/\/elcorredorbicis.com\/es\/wp-json\/wp\/v2\/types\/page"}],"author":[{"embeddable":true,"href":"https:\/\/elcorredorbicis.com\/es\/wp-json\/wp\/v2\/users\/1"}],"replies":[{"embeddable":true,"href":"https:\/\/elcorredorbicis.com\/es\/wp-json\/wp\/v2\/comments?post=22556"}],"version-history":[{"count":4,"href":"https:\/\/elcorredorbicis.com\/es\/wp-json\/wp\/v2\/pages\/22556\/revisions"}],"predecessor-version":[{"id":22621,"href":"https:\/\/elcorredorbicis.com\/es\/wp-json\/wp\/v2\/pages\/22556\/revisions\/22621"}],"wp:attachment":[{"href":"https:\/\/elcorredorbicis.com\/es\/wp-json\/wp\/v2\/media?parent=22556"}],"curies":[{"name":"wp","href":"https:\/\/api.w.org\/{rel}","templated":true}]}}